{"id":39,"date":"2020-05-25T16:06:25","date_gmt":"2020-05-25T19:06:25","guid":{"rendered":"https:\/\/site.amarelinhoservicos.com.br\/?page_id=39"},"modified":"2020-06-10T15:44:57","modified_gmt":"2020-06-10T18:44:57","slug":"home","status":"publish","type":"page","link":"https:\/\/www.amarelinhoservicos.com.br\/","title":{"rendered":"Home"},"content":{"rendered":"<p>[et_pb_section fb_built=&#8221;1&#8243; custom_padding=&#8221;-200px|||&#8221; fullwidth=&#8221;on&#8221; _builder_version=&#8221;3.0.71&#8243;][et_pb_fullwidth_slider auto=&#8221;on&#8221; auto_speed=&#8221;4000&#8243; top_padding=&#8221;100px&#8221; bottom_padding=&#8221;100px&#8221; _builder_version=&#8221;3.0.71&#8243;][et_pb_slide heading=&#8221;Quem contrata Amarelinho n\u00e3o erra!&#8221; button_text=&#8221;Entre em contato&#8221; button_link=&#8221;https:\/\/site.amarelinhoservicos.com.br\/index.php\/contato\/&#8221; image=&#8221;https:\/\/site.amarelinhoservicos.com.br\/wp-content\/uploads\/2020\/05\/corujinha2.png&#8221; use_bg_overlay=&#8221;off&#8221; use_text_overlay=&#8221;off&#8221; _builder_version=&#8221;3.0.47&#8243; header_font=&#8221;||||&#8221; header_font_size=&#8221;40&#8243; header_font_size_tablet=&#8221;55&#8243; header_font_size_phone=&#8221;55&#8243; body_font=&#8221;||||&#8221; use_background_color_gradient=&#8221;on&#8221; background_color_gradient_start=&#8221;#e02b20&#8243; background_color_gradient_end=&#8221;#e09900&#8243; background_color_gradient_direction=&#8221;289deg&#8221; background_color_gradient_start_position=&#8221;19%&#8221; background_color_gradient_end_position=&#8221;91%&#8221; button_icon_placement=&#8221;right&#8221; button_on_hover=&#8221;on&#8221;]<\/p>\n<ul>\n<li>Dedetiza\u00e7\u00e3o<\/li>\n<li>Descupiniza\u00e7\u00e3o<\/li>\n<li>Controle de tra\u00e7as<\/li>\n<li>Controle de carrapatos<\/li>\n<li>Escorpi\u00f5es<\/li>\n<li>Imuniza\u00e7\u00e3o e limpeza de reservat\u00f3rios de \u00e1gua.<\/li>\n<\/ul>\n<p>[\/et_pb_slide][et_pb_slide heading=&#8221;Controle Eficiente com Certificado&#8221; image=&#8221;https:\/\/www.amarelinhoservicos.com.br\/wp-content\/uploads\/2020\/06\/Amarelinho-1.png&#8221; use_bg_overlay=&#8221;off&#8221; use_text_overlay=&#8221;off&#8221; _builder_version=&#8221;3.0.47&#8243; header_font=&#8221;||||&#8221; header_font_size=&#8221;40&#8243; header_font_size_tablet=&#8221;55&#8243; header_font_size_phone=&#8221;55&#8243; body_font=&#8221;||||&#8221; use_background_color_gradient=&#8221;on&#8221; background_color_gradient_start=&#8221;#ff6c23&#8243; background_color_gradient_end=&#8221;#f4d400&#8243; background_color_gradient_direction=&#8221;289deg&#8221; background_color_gradient_start_position=&#8221;19%&#8221; background_color_gradient_end_position=&#8221;91%&#8221; button_icon_placement=&#8221;right&#8221; button_on_hover=&#8221;on&#8221;]<\/p>\n<p>O Controle Integrado de Pragas Urbanas \u00e9 um processo que consiste no uso equilibrado de procedimentos culturais, biol\u00f3gicos e qu\u00edmicos\/mec\u00e2nicos que s\u00e3o compat\u00edveis com o ambiente, economicamente vi\u00e1vel e socialmente aceit\u00e1vel para reduzir a popula\u00e7\u00e3o de pragas.<\/p>\n<p>[\/et_pb_slide][et_pb_slide heading=&#8221;Certas amea\u00e7as devem ser tratadas com Seriedade&#8221; image=&#8221;https:\/\/site.amarelinhoservicos.com.br\/wp-content\/uploads\/2020\/05\/mosquito-1.png&#8221; use_bg_overlay=&#8221;off&#8221; use_text_overlay=&#8221;off&#8221; _builder_version=&#8221;3.0.47&#8243; header_font=&#8221;||||&#8221; header_font_size=&#8221;40&#8243; header_font_size_tablet=&#8221;55&#8243; header_font_size_phone=&#8221;55&#8243; body_font=&#8221;||||&#8221; use_background_color_gradient=&#8221;on&#8221; background_color_gradient_start=&#8221;#e09900&#8243; background_color_gradient_end=&#8221;#ff6a00&#8243; background_color_gradient_direction=&#8221;289deg&#8221; background_color_gradient_start_position=&#8221;19%&#8221; background_color_gradient_end_position=&#8221;91%&#8221; button_icon_placement=&#8221;right&#8221; button_on_hover=&#8221;on&#8221;]<\/p>\n<p><strong>Todo o monitoramento e acompanhamento adequado<\/strong> deve ser realizado. O correto \u00e9 <strong>contratar uma empresa especializada e devidamente legalizada<\/strong> para a realiza\u00e7\u00e3o do controle e monitoramento de toda a \u00e1rea da empresa e isso a Amarelinho Servi\u00e7os pode te servir.<\/p>\n<p>[\/et_pb_slide][\/et_pb_fullwidth_slider][\/et_pb_section][et_pb_section fb_built=&#8221;1&#8243; background_color=&#8221;#f7f7f7&#8243; inner_shadow=&#8221;on&#8221; fullwidth=&#8221;on&#8221; _builder_version=&#8221;3.0.47&#8243;][et_pb_fullwidth_header title=&#8221;Uma empresa s\u00e9ria e inovadora que conta com uma equipe altamente t\u00e9cnica.&#8221; subhead=&#8221;Todos os profissionais s\u00e3o registrados em \u00f3rg\u00e3os de fiscaliza\u00e7\u00e3o como CRBio, CREA, CRA e CRN.&#8221; background_layout=&#8221;dark&#8221; text_orientation=&#8221;center&#8221; background_overlay_color=&#8221;#353535&#8243; admin_label=&#8221;Fullwidth Header&#8221; _builder_version=&#8221;3.0.71&#8243; title_font_size=&#8221;36px&#8221; title_line_height=&#8221;1.2em&#8221; subhead_font=&#8221;||||&#8221;][\/et_pb_fullwidth_header][\/et_pb_section][et_pb_section fb_built=&#8221;1&#8243; custom_padding=&#8221;31px|0px|0px|0px&#8221; _builder_version=&#8221;3.0.47&#8243;][et_pb_row custom_padding=&#8221;27px|0px|0px|0px&#8221; _builder_version=&#8221;3.0.47&#8243; background_size=&#8221;initial&#8221; background_position=&#8221;top_left&#8221; background_repeat=&#8221;repeat&#8221;][et_pb_column type=&#8221;4_4&#8243; _builder_version=&#8221;3.0.47&#8243; parallax=&#8221;off&#8221; parallax_method=&#8221;on&#8221;][et_pb_text _builder_version=&#8221;3.0.71&#8243;]<\/p>\n<h1 style=\"text-align: center;\">Ultimas Novidades do Blog<\/h1>\n<p>[\/et_pb_text][et_pb_blog fullwidth=&#8221;off&#8221; posts_number=&#8221;3&#8243; include_categories=&#8221;3&#8243; show_more=&#8221;on&#8221; show_author=&#8221;off&#8221; show_date=&#8221;off&#8221; show_categories=&#8221;off&#8221; show_pagination=&#8221;off&#8221; offset_number=&#8221;0&#8243; _builder_version=&#8221;3.0.71&#8243; body_font_size=&#8221;12px&#8221; body_line_height=&#8221;1.6em&#8221; meta_font=&#8221;||||&#8221; use_border_color=&#8221;on&#8221; border_width=&#8221;0px&#8221;][\/et_pb_blog][\/et_pb_column][\/et_pb_row][et_pb_row _builder_version=&#8221;3.0.71&#8243;][et_pb_column type=&#8221;4_4&#8243; _builder_version=&#8221;3.0.71&#8243; parallax=&#8221;off&#8221; parallax_method=&#8221;on&#8221;][et_pb_text _builder_version=&#8221;3.0.71&#8243;]<\/p>\n<h1 style=\"text-align: center;\">Novidades no nosso Instagram<\/h1>\n<p>[\/et_pb_text][\/et_pb_column][\/et_pb_row][et_pb_row _builder_version=&#8221;3.0.71&#8243;][et_pb_column type=&#8221;4_4&#8243; _builder_version=&#8221;3.0.71&#8243; parallax=&#8221;off&#8221; parallax_method=&#8221;on&#8221;][et_pb_text _builder_version=&#8221;3.0.71&#8243;][instagram-feed][\/et_pb_text][\/et_pb_column][\/et_pb_row][\/et_pb_section]<\/p>\n","protected":false},"excerpt":{"rendered":"<p>[et_pb_section fb_built=&#8221;1&#8243; custom_padding=&#8221;-200px|||&#8221; fullwidth=&#8221;on&#8221; _builder_version=&#8221;3.0.71&#8243;][et_pb_fullwidth_slider auto=&#8221;on&#8221; auto_speed=&#8221;4000&#8243; top_padding=&#8221;100px&#8221; bottom_padding=&#8221;100px&#8221; _builder_version=&#8221;3.0.71&#8243;][et_pb_slide heading=&#8221;Quem contrata Amarelinho n\u00e3o erra!&#8221; button_text=&#8221;Entre em contato&#8221; button_link=&#8221;https:\/\/site.amarelinhoservicos.com.br\/index.php\/contato\/&#8221; image=&#8221;https:\/\/site.amarelinhoservicos.com.br\/wp-content\/uploads\/2020\/05\/corujinha2.png&#8221; use_bg_overlay=&#8221;off&#8221; use_text_overlay=&#8221;off&#8221; _builder_version=&#8221;3.0.47&#8243; header_font=&#8221;||||&#8221; header_font_size=&#8221;40&#8243; header_font_size_tablet=&#8221;55&#8243; header_font_size_phone=&#8221;55&#8243; body_font=&#8221;||||&#8221; use_background_color_gradient=&#8221;on&#8221; background_color_gradient_start=&#8221;#e02b20&#8243; background_color_gradient_end=&#8221;#e09900&#8243; background_color_gradient_direction=&#8221;289deg&#8221; background_color_gradient_start_position=&#8221;19%&#8221; background_color_gradient_end_position=&#8221;91%&#8221; button_icon_placement=&#8221;right&#8221; button_on_hover=&#8221;on&#8221;] Dedetiza\u00e7\u00e3o Descupiniza\u00e7\u00e3o Controle de tra\u00e7as Controle de carrapatos Escorpi\u00f5es Imuniza\u00e7\u00e3o e limpeza de reservat\u00f3rios de \u00e1gua. [\/et_pb_slide][et_pb_slide heading=&#8221;Controle Eficiente [&hellip;]<\/p>\n","protected":false},"author":1,"featured_media":0,"parent":0,"menu_order":0,"comment_status":"closed","ping_status":"closed","template":"","meta":{"footnotes":""},"class_list":["post-39","page","type-page","status-publish","hentry"],"_links":{"self":[{"href":"https:\/\/www.amarelinhoservicos.com.br\/index.php\/wp-json\/wp\/v2\/pages\/39","targetHints":{"allow":["GET"]}}],"collection":[{"href":"https:\/\/www.amarelinhoservicos.com.br\/index.php\/wp-json\/wp\/v2\/pages"}],"about":[{"href":"https:\/\/www.amarelinhoservicos.com.br\/index.php\/wp-json\/wp\/v2\/types\/page"}],"author":[{"embeddable":true,"href":"https:\/\/www.amarelinhoservicos.com.br\/index.php\/wp-json\/wp\/v2\/users\/1"}],"replies":[{"embeddable":true,"href":"https:\/\/www.amarelinhoservicos.com.br\/index.php\/wp-json\/wp\/v2\/comments?post=39"}],"version-history":[{"count":29,"href":"https:\/\/www.amarelinhoservicos.com.br\/index.php\/wp-json\/wp\/v2\/pages\/39\/revisions"}],"predecessor-version":[{"id":235,"href":"https:\/\/www.amarelinhoservicos.com.br\/index.php\/wp-json\/wp\/v2\/pages\/39\/revisions\/235"}],"wp:attachment":[{"href":"https:\/\/www.amarelinhoservicos.com.br\/index.php\/wp-json\/wp\/v2\/media?parent=39"}],"curies":[{"name":"wp","href":"https:\/\/api.w.org\/{rel}","templated":true}]}}