{"id":45,"date":"2020-05-25T16:06:56","date_gmt":"2020-05-25T19:06:56","guid":{"rendered":"https:\/\/site.amarelinhoservicos.com.br\/?page_id=45"},"modified":"2020-05-27T12:55:48","modified_gmt":"2020-05-27T15:55:48","slug":"servicos","status":"publish","type":"page","link":"https:\/\/www.amarelinhoservicos.com.br\/index.php\/servicos\/","title":{"rendered":"Servi\u00e7os"},"content":{"rendered":"<p>[et_pb_section fb_built=&#8221;1&#8243; custom_padding=&#8221;1px|0px|4px|0px&#8221; _builder_version=&#8221;3.0.47&#8243;][et_pb_row _builder_version=&#8221;3.0.47&#8243; background_size=&#8221;initial&#8221; background_position=&#8221;top_left&#8221; background_repeat=&#8221;repeat&#8221;][et_pb_column type=&#8221;4_4&#8243; _builder_version=&#8221;3.0.47&#8243; parallax=&#8221;off&#8221; parallax_method=&#8221;on&#8221;][et_pb_text _builder_version=&#8221;3.0.71&#8243;]<\/p>\n<p>&nbsp;<\/p>\n<p><img loading=\"lazy\" decoding=\"async\" class=\"size-medium wp-image-222 alignleft\" src=\"https:\/\/site.amarelinhoservicos.com.br\/wp-content\/uploads\/2020\/05\/knowhow-300x175.jpg\" alt=\"\" width=\"300\" height=\"175\" srcset=\"https:\/\/www.amarelinhoservicos.com.br\/wp-content\/uploads\/2020\/05\/knowhow-300x175.jpg 300w, https:\/\/www.amarelinhoservicos.com.br\/wp-content\/uploads\/2020\/05\/knowhow.jpg 600w\" sizes=\"auto, (max-width: 300px) 100vw, 300px\" \/>Bem-vindo a Amarelinho Servi\u00e7os, uma das principais empresa de servi\u00e7os de controle de pragas urbanas do Brasil. Uma empresa que apresenta Know-how em seus atendimentos diferenciados, r\u00e1pidos e com a seguran\u00e7a que sua empresa ou resid\u00eancia precisa.<\/p>\n<p>Possui know-how organiza\u00e7\u00e3o que consegue dominar o mercado por apresentar conhecimento especializado sobre algum produto ou servi\u00e7o que os concorrentes n\u00e3o possuem.<\/p>\n<p>Campos que atuamos: Alimentos, armazenamento e distribui\u00e7\u00e3o, cosm\u00e9ticos, condom\u00ednios, clubes, clinicas e laborat\u00f3rios, escolas, embalagens, frigor\u00edficos, gr\u00e1ficas, higiene, hipermercados, hospitais, hotelaria, Industrias farmaceuticas, latic\u00ednios, nutri\u00e7\u00e3o animal, qu\u00edmicas, restaurantes, shopping centers e outros.<\/p>\n<p>&nbsp;<\/p>\n<p>[\/et_pb_text][\/et_pb_column][\/et_pb_row][\/et_pb_section][et_pb_section fb_built=&#8221;1&#8243; custom_padding=&#8221;0px|0px|54px|0px&#8221; _builder_version=&#8221;3.0.47&#8243;][et_pb_row make_equal=&#8221;on&#8221; _builder_version=&#8221;3.0.71&#8243; background_size=&#8221;initial&#8221; background_position=&#8221;top_left&#8221; background_repeat=&#8221;repeat&#8221; custom_padding=&#8221;0px|0px|27px|0px&#8221;][et_pb_column type=&#8221;1_2&#8243; _builder_version=&#8221;3.0.47&#8243; parallax=&#8221;off&#8221; parallax_method=&#8221;on&#8221;][et_pb_blurb title=&#8221;Desinsetiza\u00e7\u00e3o ou \u201cdedetiza\u00e7\u00e3o\u201d&#8221; icon_color=&#8221;#2ea3f2&#8243; image=&#8221;https:\/\/site.amarelinhoservicos.com.br\/wp-content\/uploads\/2020\/05\/dedetiza\u00e7\u00e3o-1.jpg&#8221; text_orientation=&#8221;center&#8221; admin_label=&#8221;Blurb&#8221; _builder_version=&#8221;3.0.71&#8243; header_font=&#8221;|on|||&#8221; header_font_size=&#8221;21px&#8221; background_size=&#8221;initial&#8221; background_position=&#8221;top_left&#8221; background_repeat=&#8221;repeat&#8221;]<\/p>\n<p>Consistem no controle de insetos atrav\u00e9s da aplica\u00e7\u00e3o de inseticidas pelas t\u00e9cnicas de pulveriza\u00e7\u00e3o, atomiza\u00e7\u00e3o, termonebuliza\u00e7\u00e3o, polvilhamento ou iscas localizadas.<br \/>\nAten\u00e7\u00e3o: Iscas localizadas em forma de gel oferecem grandes respostas no controle de baratas e formigas, desde com acompanhamento t\u00e9cnico sistem\u00e1tico, essa t\u00e9cnica \u00e9 ideal para empresas que trabalham com alimenta\u00e7\u00e3o, pois chega, a 0% os riscos de contamina\u00e7\u00e3o devido sua seguran\u00e7a.<\/p>\n<p>[\/et_pb_blurb][\/et_pb_column][et_pb_column type=&#8221;1_2&#8243; _builder_version=&#8221;3.0.47&#8243; parallax=&#8221;off&#8221; parallax_method=&#8221;on&#8221;][et_pb_blurb title=&#8221;Controle de carrapatos &#8221; icon_color=&#8221;#2ea3f2&#8243; image=&#8221;https:\/\/site.amarelinhoservicos.com.br\/wp-content\/uploads\/2020\/05\/carrapatos2.jpg&#8221; text_orientation=&#8221;center&#8221; admin_label=&#8221;Blurb&#8221; _builder_version=&#8221;3.0.71&#8243; header_font=&#8221;|on|||&#8221; header_font_size=&#8221;21px&#8221; background_size=&#8221;initial&#8221; background_position=&#8221;top_left&#8221; background_repeat=&#8221;repeat&#8221;]<\/p>\n<p>O carrapato \u00e9 um artr\u00f3pode da ordem dos \u00e1caros. S\u00e3o ectoparasitas hemat\u00f3fagos respons\u00e1veis pela transmiss\u00e3o de in\u00fameras doen\u00e7as, dentre elas a febre maculosa ou tamb\u00e9m conhecida como \u201cfebre do carrapato\u201d (causada por bact\u00e9ria) e a Erliquiose canina que \u00e9 uma patologia causada pela bact\u00e9ria gram-negativa Erlichia canis. Um especialista deve sempre visitar o local para as devidas medidas de controle da infesta\u00e7\u00e3o.<\/p>\n<p>[\/et_pb_blurb][\/et_pb_column][\/et_pb_row][et_pb_row make_equal=&#8221;on&#8221; _builder_version=&#8221;3.0.71&#8243; background_size=&#8221;initial&#8221; background_position=&#8221;top_left&#8221; background_repeat=&#8221;repeat&#8221; custom_padding=&#8221;0px|0px|27px|0px&#8221;][et_pb_column type=&#8221;1_2&#8243; _builder_version=&#8221;3.0.47&#8243; parallax=&#8221;off&#8221; parallax_method=&#8221;on&#8221;][et_pb_blurb title=&#8221;Descupiniza\u00e7\u00e3o&#8221; icon_color=&#8221;#2ea3f2&#8243; image=&#8221;https:\/\/site.amarelinhoservicos.com.br\/wp-content\/uploads\/2020\/05\/cupimservico.jpg&#8221; text_orientation=&#8221;center&#8221; admin_label=&#8221;Blurb&#8221; _builder_version=&#8221;3.0.71&#8243; header_font=&#8221;|on|||&#8221; header_font_size=&#8221;21px&#8221; background_size=&#8221;initial&#8221; background_position=&#8221;top_left&#8221; background_repeat=&#8221;repeat&#8221;]<\/p>\n<p>A descupiniza\u00e7\u00e3o \u00e9 o processo utilizado para a elimina\u00e7\u00e3o e controle de cupins subterr\u00e2neos, cupins de solo, cupins de madeira seca e brocas. A descupiniza\u00e7\u00e3o deve ser avaliada por um especialista, pois a complexidade dessa praga alvo requer cuidados.<\/p>\n<p>[\/et_pb_blurb][\/et_pb_column][et_pb_column type=&#8221;1_2&#8243; _builder_version=&#8221;3.0.47&#8243; parallax=&#8221;off&#8221; parallax_method=&#8221;on&#8221;][et_pb_blurb title=&#8221;Controle de tra\u00e7as&#8221; icon_color=&#8221;#2ea3f2&#8243; image=&#8221;https:\/\/site.amarelinhoservicos.com.br\/wp-content\/uploads\/2020\/05\/carrapatos-1.jpg&#8221; text_orientation=&#8221;center&#8221; admin_label=&#8221;Blurb&#8221; _builder_version=&#8221;3.0.71&#8243; header_font=&#8221;|on|||&#8221; header_font_size=&#8221;21px&#8221; background_size=&#8221;initial&#8221; background_position=&#8221;top_left&#8221; background_repeat=&#8221;repeat&#8221;]<\/p>\n<p>O controle de tra\u00e7as deve ser assistido desde o inicio da infesta\u00e7\u00e3o, pois sua prolifera\u00e7\u00e3o \u00e9 numerosa e comprometedora, dependendo do grau de infesta\u00e7\u00e3o do ambiente, h\u00e1 necessidade de uma interven\u00e7\u00e3o conjunta de imuniza\u00e7\u00e3o higi\u00eanica do ambiente concomitante com a dedetiza\u00e7\u00e3o.<\/p>\n<p>[\/et_pb_blurb][\/et_pb_column][\/et_pb_row][et_pb_row make_equal=&#8221;on&#8221; _builder_version=&#8221;3.0.71&#8243; background_size=&#8221;initial&#8221; background_position=&#8221;top_left&#8221; background_repeat=&#8221;repeat&#8221; custom_padding=&#8221;0px|0px|27px|0px&#8221;][et_pb_column type=&#8221;1_2&#8243; _builder_version=&#8221;3.0.47&#8243; parallax=&#8221;off&#8221; parallax_method=&#8221;on&#8221;][et_pb_blurb title=&#8221;Desratiza\u00e7\u00e3o&#8221; icon_color=&#8221;#2ea3f2&#8243; image=&#8221;https:\/\/site.amarelinhoservicos.com.br\/wp-content\/uploads\/2020\/05\/traca.jpg&#8221; text_orientation=&#8221;center&#8221; admin_label=&#8221;Blurb&#8221; _builder_version=&#8221;3.0.71&#8243; header_font=&#8221;|on|||&#8221; header_font_size=&#8221;21px&#8221; background_size=&#8221;initial&#8221; background_position=&#8221;top_left&#8221; background_repeat=&#8221;repeat&#8221;]<\/p>\n<p>A desratiza\u00e7\u00e3o \u00e9 o processo de elimina\u00e7\u00e3o de ratos utilizando o sistema de iscas ou de captura. Lembrando que o sucesso da desratiza\u00e7\u00e3o est\u00e1 na inspe\u00e7\u00e3o t\u00e9cnica para conhecer a biologia de cada esp\u00e9cie de roedor infestante.<\/p>\n<p>[\/et_pb_blurb][\/et_pb_column][et_pb_column type=&#8221;1_2&#8243; _builder_version=&#8221;3.0.47&#8243; parallax=&#8221;off&#8221; parallax_method=&#8221;on&#8221;][et_pb_blurb title=&#8221;Escorpi\u00f5es &#8221; icon_color=&#8221;#2ea3f2&#8243; image=&#8221;https:\/\/site.amarelinhoservicos.com.br\/wp-content\/uploads\/2020\/05\/traca2.jpg&#8221; text_orientation=&#8221;center&#8221; admin_label=&#8221;Blurb&#8221; _builder_version=&#8221;3.0.71&#8243; header_font=&#8221;|on|||&#8221; header_font_size=&#8221;21px&#8221; background_size=&#8221;initial&#8221; background_position=&#8221;top_left&#8221; background_repeat=&#8221;repeat&#8221;]<\/p>\n<p>Um problema que mora onde voc\u00ea menos espera. O escorpi\u00e3o mais perigoso e comum no Brasil \u00e9 o escorpi\u00e3o amarelo Tityus serrulatus. Seu controle deve ser realizado por especialistas e os produtos para combater o escorpi\u00e3o devem ser espec\u00edfico, afim de n\u00e3o desalojar e causar poss\u00edveis acidentes com pessoas e animais.<\/p>\n<p>[\/et_pb_blurb][\/et_pb_column][\/et_pb_row][et_pb_row _builder_version=&#8221;3.0.71&#8243; custom_padding=&#8221;11px|0px|27px|0px&#8221;][et_pb_column type=&#8221;4_4&#8243; _builder_version=&#8221;3.0.47&#8243; parallax=&#8221;off&#8221; parallax_method=&#8221;on&#8221;][et_pb_text _builder_version=&#8221;3.0.71&#8243;]<\/p>\n<h3 style=\"text-align: center;\"><strong>Imuniza\u00e7\u00e3o e limpeza de reservat\u00f3rios de \u00e1gua<\/strong><\/h3>\n<p>O controle da qualidade da \u00e1gua est\u00e1 diretamente ligado \u00e0 imuniza\u00e7\u00e3o e limpeza peri\u00f3dica de seu reservat\u00f3rio. A limpeza da caixa d\u00b4\u00e1gua deve ser realizada a cada 6 meses e a mesma deve ser mantida fechada. Os procedimentos devem ser realizados por pessoas capacitadas e que atendem as exig\u00eancias da ANVISA de acordo com a resolu\u00e7\u00e3o-RDC n\u00ba 216\/04.<\/p>\n<p>[\/et_pb_text][\/et_pb_column][\/et_pb_row][\/et_pb_section]<\/p>\n","protected":false},"excerpt":{"rendered":"<p>[et_pb_section fb_built=&#8221;1&#8243; custom_padding=&#8221;1px|0px|4px|0px&#8221; _builder_version=&#8221;3.0.47&#8243;][et_pb_row _builder_version=&#8221;3.0.47&#8243; background_size=&#8221;initial&#8221; background_position=&#8221;top_left&#8221; background_repeat=&#8221;repeat&#8221;][et_pb_column type=&#8221;4_4&#8243; _builder_version=&#8221;3.0.47&#8243; parallax=&#8221;off&#8221; parallax_method=&#8221;on&#8221;][et_pb_text _builder_version=&#8221;3.0.71&#8243;] &nbsp; Bem-vindo a Amarelinho Servi\u00e7os, uma das principais empresa de servi\u00e7os de controle de pragas urbanas do Brasil. Uma empresa que apresenta Know-how em seus atendimentos diferenciados, r\u00e1pidos e com a seguran\u00e7a que sua empresa ou resid\u00eancia precisa. Possui know-how organiza\u00e7\u00e3o que [&hellip;]<\/p>\n","protected":false},"author":1,"featured_media":0,"parent":0,"menu_order":0,"comment_status":"closed","ping_status":"closed","template":"","meta":{"footnotes":""},"class_list":["post-45","page","type-page","status-publish","hentry"],"_links":{"self":[{"href":"https:\/\/www.amarelinhoservicos.com.br\/index.php\/wp-json\/wp\/v2\/pages\/45","targetHints":{"allow":["GET"]}}],"collection":[{"href":"https:\/\/www.amarelinhoservicos.com.br\/index.php\/wp-json\/wp\/v2\/pages"}],"about":[{"href":"https:\/\/www.amarelinhoservicos.com.br\/index.php\/wp-json\/wp\/v2\/types\/page"}],"author":[{"embeddable":true,"href":"https:\/\/www.amarelinhoservicos.com.br\/index.php\/wp-json\/wp\/v2\/users\/1"}],"replies":[{"embeddable":true,"href":"https:\/\/www.amarelinhoservicos.com.br\/index.php\/wp-json\/wp\/v2\/comments?post=45"}],"version-history":[{"count":10,"href":"https:\/\/www.amarelinhoservicos.com.br\/index.php\/wp-json\/wp\/v2\/pages\/45\/revisions"}],"predecessor-version":[{"id":227,"href":"https:\/\/www.amarelinhoservicos.com.br\/index.php\/wp-json\/wp\/v2\/pages\/45\/revisions\/227"}],"wp:attachment":[{"href":"https:\/\/www.amarelinhoservicos.com.br\/index.php\/wp-json\/wp\/v2\/media?parent=45"}],"curies":[{"name":"wp","href":"https:\/\/api.w.org\/{rel}","templated":true}]}}