{"id":47,"date":"2020-05-25T16:07:10","date_gmt":"2020-05-25T19:07:10","guid":{"rendered":"https:\/\/site.amarelinhoservicos.com.br\/?page_id=47"},"modified":"2020-05-26T14:50:04","modified_gmt":"2020-05-26T17:50:04","slug":"estrutura","status":"publish","type":"page","link":"https:\/\/www.amarelinhoservicos.com.br\/index.php\/estrutura\/","title":{"rendered":"Estrutura"},"content":{"rendered":"<p>[et_pb_section fb_built=&#8221;1&#8243; background_color=&#8221;#27323a&#8221; _builder_version=&#8221;3.0.47&#8243;][et_pb_row _builder_version=&#8221;3.0.47&#8243; background_size=&#8221;initial&#8221; background_position=&#8221;top_left&#8221; background_repeat=&#8221;repeat&#8221;][et_pb_column type=&#8221;1_2&#8243; _builder_version=&#8221;3.0.47&#8243; parallax=&#8221;off&#8221; parallax_method=&#8221;on&#8221;][et_pb_cta title=&#8221;Nossa Estrutura&#8221; button_url=&#8221;#&#8221; use_background_color=&#8221;off&#8221; admin_label=&#8221;Call To Action&#8221; _builder_version=&#8221;3.0.71&#8243; background_size=&#8221;initial&#8221; background_position=&#8221;top_left&#8221; background_repeat=&#8221;repeat&#8221;]<\/p>\n<p style=\"text-align: justify;\">Com sede localizada no Jardim Am\u00e9rica em Goi\u00e2nia, a Amarelinho Servi\u00e7os possui espa\u00e7o f\u00edsico adequado para formar, equipar e nutrir tecnologicamente t\u00e9cnicos e profissionais de auto n\u00edvel. O gabarito e a experi\u00eancia fazem parte da estrutura da nossa empresa al\u00e9m dos equipamentos e recursos cient\u00edficos necess\u00e1rios para a oferta de servi\u00e7os com seguran\u00e7a, efici\u00eancia e responsabilidade ambiental.<\/p>\n<p style=\"text-align: justify;\">Recep\u00e7\u00e3o e administra\u00e7\u00e3o separadas das \u00e1reas de estoque, produtos qu\u00edmicos e laborat\u00f3rio;<\/p>\n<p>&nbsp;<\/p>\n<p style=\"text-align: left;\">Sala de treinamento;<\/p>\n<p style=\"text-align: left;\">Laborat\u00f3rio;<\/p>\n<p style=\"text-align: left;\">Vesti\u00e1rio;<\/p>\n<p style=\"text-align: left;\">Estoque;<\/p>\n<p style=\"text-align: left;\">Organiza\u00e7\u00e3o f\u00edsica e humana com foco na efici\u00eancia e na seguran\u00e7a;<\/p>\n<p style=\"text-align: left;\">QTA \u2013 Qualidade Total Amarelinho<\/p>\n<p>[\/et_pb_cta][\/et_pb_column][et_pb_column type=&#8221;1_2&#8243; _builder_version=&#8221;3.0.47&#8243; parallax=&#8221;off&#8221; parallax_method=&#8221;on&#8221;][et_pb_gallery gallery_ids=&#8221;192,193,194,195,196,197,198,199&#8243; gallery_captions=&#8221;,,,,,,,&#8221; _builder_version=&#8221;3.0.71&#8243;][\/et_pb_gallery][\/et_pb_column][\/et_pb_row][\/et_pb_section]<\/p>\n","protected":false},"excerpt":{"rendered":"<p>[et_pb_section fb_built=&#8221;1&#8243; background_color=&#8221;#27323a&#8221; _builder_version=&#8221;3.0.47&#8243;][et_pb_row _builder_version=&#8221;3.0.47&#8243; background_size=&#8221;initial&#8221; background_position=&#8221;top_left&#8221; background_repeat=&#8221;repeat&#8221;][et_pb_column type=&#8221;1_2&#8243; _builder_version=&#8221;3.0.47&#8243; parallax=&#8221;off&#8221; parallax_method=&#8221;on&#8221;][et_pb_cta title=&#8221;Nossa Estrutura&#8221; button_url=&#8221;#&#8221; use_background_color=&#8221;off&#8221; admin_label=&#8221;Call To Action&#8221; _builder_version=&#8221;3.0.71&#8243; background_size=&#8221;initial&#8221; background_position=&#8221;top_left&#8221; background_repeat=&#8221;repeat&#8221;] Com sede localizada no Jardim Am\u00e9rica em Goi\u00e2nia, a Amarelinho Servi\u00e7os possui espa\u00e7o f\u00edsico adequado para formar, equipar e nutrir tecnologicamente t\u00e9cnicos e profissionais de auto n\u00edvel. O gabarito e a experi\u00eancia [&hellip;]<\/p>\n","protected":false},"author":1,"featured_media":0,"parent":0,"menu_order":0,"comment_status":"closed","ping_status":"closed","template":"","meta":{"footnotes":""},"class_list":["post-47","page","type-page","status-publish","hentry"],"_links":{"self":[{"href":"https:\/\/www.amarelinhoservicos.com.br\/index.php\/wp-json\/wp\/v2\/pages\/47","targetHints":{"allow":["GET"]}}],"collection":[{"href":"https:\/\/www.amarelinhoservicos.com.br\/index.php\/wp-json\/wp\/v2\/pages"}],"about":[{"href":"https:\/\/www.amarelinhoservicos.com.br\/index.php\/wp-json\/wp\/v2\/types\/page"}],"author":[{"embeddable":true,"href":"https:\/\/www.amarelinhoservicos.com.br\/index.php\/wp-json\/wp\/v2\/users\/1"}],"replies":[{"embeddable":true,"href":"https:\/\/www.amarelinhoservicos.com.br\/index.php\/wp-json\/wp\/v2\/comments?post=47"}],"version-history":[{"count":3,"href":"https:\/\/www.amarelinhoservicos.com.br\/index.php\/wp-json\/wp\/v2\/pages\/47\/revisions"}],"predecessor-version":[{"id":200,"href":"https:\/\/www.amarelinhoservicos.com.br\/index.php\/wp-json\/wp\/v2\/pages\/47\/revisions\/200"}],"wp:attachment":[{"href":"https:\/\/www.amarelinhoservicos.com.br\/index.php\/wp-json\/wp\/v2\/media?parent=47"}],"curies":[{"name":"wp","href":"https:\/\/api.w.org\/{rel}","templated":true}]}}